{"id":493,"date":"2025-04-04T11:40:59","date_gmt":"2025-04-04T08:40:59","guid":{"rendered":"https:\/\/www.denizmataracicevik.com\/?page_id=493"},"modified":"2026-04-27T15:14:34","modified_gmt":"2026-04-27T12:14:34","slug":"kontakt","status":"publish","type":"page","link":"https:\/\/www.denizmataracicevik.com\/de\/kontakt\/","title":{"rendered":"Kontakt"},"content":{"rendered":"\n\t<section class=\"section\" id=\"section_1723320090\">\n\t\t<div class=\"section-bg fill\" >\n\t\t\t\t\t\t\t\t\t\n\t\t\t\n\n\t\t<\/div>\n\n\t\t\n\n\t\t<div class=\"section-content relative\">\n\t\t\t\n  <div id=\"page-header-1261529737\" class=\"page-header-wrapper\">\n  <div class=\"page-title dark simple-title\">\n\n    \n    <div class=\"page-title-inner container align-top flex-row medium-flex-wrap\" >\n              <div class=\"title-wrapper flex-col text-left medium-text-center\">\n          <h1 class=\"entry-title mb-0\">\n            Kontakt          <\/h1>\n        <\/div>\n                    <div class=\"title-content flex-col flex-right text-right medium-text-center\">\n        <div class=\"title-breadcrumbs pb-half pt-half\"><\/div>      <\/div>\n    <\/div>\n\n       <\/div>\n    <\/div>\n  \n\t\t<\/div>\n\n\t\t\n<style>\n#section_1723320090 {\n  padding-top: 30px;\n  padding-bottom: 30px;\n  background-color: #00aae8;\n}\n<\/style>\n\t<\/section>\n\t\n\n\t<section class=\"section\" id=\"section_47305712\">\n\t\t<div class=\"section-bg fill\" >\n\t\t\t<img loading=\"lazy\" decoding=\"async\" width=\"1638\" height=\"734\" src=\"https:\/\/www.denizmataracicevik.com\/wp-content\/uploads\/2025\/04\/harita.webp\" class=\"bg attachment- size-\" alt=\"\" \/>\t\t\t\t\t\t\n\t\t\t\n\n\t\t<\/div>\n\n\t\t\n\n\t\t<div class=\"section-content relative\">\n\t\t\t\n<div class=\"row\"  id=\"row-1610530354\">\n\n\t<div id=\"col-1032621748\" class=\"col small-12 large-12\"  >\n\t\t\t\t<div class=\"col-inner\" style=\"background-color:rgb(255,255,255);\" >\n\t\t\t\n\t\t\t\n\t<div id=\"text-3345690975\" class=\"text\">\n\t\t\n<div><strong>Kontaktinformationen<\/strong><\/div>\n\t\t\n<style>\n#text-3345690975 {\n  font-size: 2rem;\n  color: #00aae8;\n}\n#text-3345690975 > * {\n  color: #00aae8;\n}\n<\/style>\n\t<\/div>\n\t\n<p><span style=\"color: #282828;\"><strong>Telefon:<\/strong> <a style=\"color: #282828;\" href=\"tel:+90 546 202 22 22\"><span class=\"selectable-text copyable-text false\">+90 546 202 22 22<\/span><\/a><\/span><\/p>\n<p><span style=\"color: #282828;\"><strong>E-Mail:<\/strong> <a style=\"color: #282828;\" href=\"mailto:drdenizcevik@gmail.com\"><span class=\"selectable-text copyable-text false\">drdenizcevik@gmail.com<\/span><\/a><\/span><\/p>\n<p><span style=\"color: #282828;\"><strong>Adresse: <\/strong><a style=\"color: #282828;\" href=\"https:\/\/www.google.com\/maps\/place\/Dr.+Deniz+Matarac%C4%B1+%C3%87evik+-+N%C3%B6roloji+Uzman%C4%B1-+Neurologist\/@41.01025,28.650948,17z\/data=!3m1!4b1!4m6!3m5!1s0x14caa77718f78c29:0x8f129ba7a9571c2d!8m2!3d41.01025!4d28.6535229!16s%2Fg%2F11g7_j3w4v?hl=tr&amp;entry=ttu&amp;g_ep=EgoyMDI1MDQwMS4wIKXMDSoJLDEwMjExNjQwSAFQAw%3D%3D\">Facharzt Dr. Deniz Matarac\u0131 \u00c7evik &#8211; Facharzt f\u00fcr Neurologie<\/a><\/span><\/p>\n<div class=\"social-icons follow-icons footer-icon\" ><a href=\"https:\/\/www.facebook.com\/p\/Dr-Deniz-Matarac-evik-100063884441058\/\" target=\"_blank\" data-label=\"Facebook\" class=\"icon button circle is-outline tooltip facebook\" title=\"Auf Facebook folgen\" aria-label=\"Auf Facebook folgen\" rel=\"noopener nofollow\"><i class=\"icon-facebook\" aria-hidden=\"true\"><\/i><\/a><a href=\"https:\/\/www.instagram.com\/drdenizmataracicevik\/\" target=\"_blank\" data-label=\"Instagram\" class=\"icon button circle is-outline tooltip instagram\" title=\"Auf Instagram folgen\" aria-label=\"Auf Instagram folgen\" rel=\"noopener nofollow\"><i class=\"icon-instagram\" aria-hidden=\"true\"><\/i><\/a><a href=\"mailto:drdenizcevik@gmail.com\" data-label=\"E-mail\" target=\"_blank\" class=\"icon button circle is-outline tooltip email\" title=\"Sende uns eine E-Mail\" aria-label=\"Sende uns eine E-Mail\" rel=\"nofollow noopener\"><i class=\"icon-envelop\" aria-hidden=\"true\"><\/i><\/a><a href=\"tel:+90 546 202 22 22\" data-label=\"Phone\" target=\"_blank\" class=\"icon button circle is-outline tooltip phone\" title=\"Rufe uns an\" aria-label=\"Rufe uns an\" rel=\"nofollow noopener\"><i class=\"icon-phone\" aria-hidden=\"true\"><\/i><\/a><a href=\"https:\/\/www.linkedin.com\/in\/dr-deniz-matarac-evik-657544157\/?originalSubdomain=tr\" data-label=\"LinkedIn\" target=\"_blank\" class=\"icon button circle is-outline tooltip linkedin\" title=\"Auf Linkedin folgen\" aria-label=\"Auf Linkedin folgen\" rel=\"noopener nofollow\"><i class=\"icon-linkedin\" aria-hidden=\"true\"><\/i><\/a><\/div>\n\t<div id=\"gap-2115523123\" class=\"gap-element clearfix\" style=\"display:block; height:auto;\">\n\t\t\n<style>\n#gap-2115523123 {\n  padding-top: 50px;\n}\n<\/style>\n\t<\/div>\n\t\n\t<div id=\"text-2327328661\" class=\"text\">\n\t\t\n<div><strong><span style=\"color: #282828;\">Termin<\/span> <span style=\"color: #00aae8;\">vereinbaren<\/span><\/strong><\/div>\n\t\t\n<style>\n#text-2327328661 {\n  font-size: 2rem;\n}\n<\/style>\n\t<\/div>\n\t\n\n<div class=\"wpcf7 no-js\" id=\"wpcf7-f475-o1\" lang=\"de-DE\" dir=\"ltr\" data-wpcf7-id=\"475\">\n<div class=\"screen-reader-response\"><p role=\"status\" aria-live=\"polite\" aria-atomic=\"true\"><\/p> <ul><\/ul><\/div>\n<form action=\"\/de\/wp-json\/wp\/v2\/pages\/493#wpcf7-f475-o1\" method=\"post\" class=\"wpcf7-form init\" aria-label=\"Kontaktformular\" novalidate=\"novalidate\" data-status=\"init\">\n<fieldset class=\"hidden-fields-container\"><input type=\"hidden\" name=\"_wpcf7\" value=\"475\" \/><input type=\"hidden\" name=\"_wpcf7_version\" value=\"6.1.5\" \/><input type=\"hidden\" name=\"_wpcf7_locale\" value=\"de_DE\" \/><input type=\"hidden\" name=\"_wpcf7_unit_tag\" value=\"wpcf7-f475-o1\" \/><input type=\"hidden\" name=\"_wpcf7_container_post\" value=\"0\" \/><input type=\"hidden\" name=\"_wpcf7_posted_data_hash\" value=\"\" \/>\n<\/fieldset>\n<div class=\"form-container\">\n\t<div class=\"form-left\">\n\t\t<p><span class=\"wpcf7-form-control-wrap\" data-name=\"text-411\"><input size=\"40\" maxlength=\"400\" class=\"wpcf7-form-control wpcf7-text wpcf7-validates-as-required\" aria-required=\"true\" aria-invalid=\"false\" placeholder=\"Vor- und Nachname\" value=\"\" type=\"text\" name=\"text-411\" \/><\/span><br \/>\n<span class=\"wpcf7-form-control-wrap\" data-name=\"email-125\"><input size=\"40\" maxlength=\"400\" class=\"wpcf7-form-control wpcf7-email wpcf7-validates-as-required wpcf7-text wpcf7-validates-as-email\" aria-required=\"true\" aria-invalid=\"false\" placeholder=\"E-Mail\" value=\"\" type=\"email\" name=\"email-125\" \/><\/span>\n\t\t<\/p>\n\t<\/div>\n\t<div class=\"form-right\">\n\t\t<p><span class=\"wpcf7-form-control-wrap\" data-name=\"tel-682\"><input size=\"40\" maxlength=\"400\" class=\"wpcf7-form-control wpcf7-tel wpcf7-validates-as-required wpcf7-text wpcf7-validates-as-tel\" aria-required=\"true\" aria-invalid=\"false\" placeholder=\"Telefon\" value=\"\" type=\"tel\" name=\"tel-682\" \/><\/span><br \/>\n<input class=\"wpcf7-form-control wpcf7-submit has-spinner\" type=\"submit\" value=\"Senden\" \/>\n\t\t<\/p>\n\t<\/div>\n<\/div><div class=\"wpcf7-response-output\" aria-hidden=\"true\"><\/div>\n<\/form>\n<\/div>\n\n\t\t<\/div>\n\t\t\t\t\n<style>\n#col-1032621748 > .col-inner {\n  padding: 20px 20px 20px 30px;\n  margin: 50px 0px 50px 0px;\n  border-radius: 20px;\n}\n<\/style>\n\t<\/div>\n\n\t\n<\/div>\n\t\t<\/div>\n\n\t\t\n<style>\n#section_47305712 {\n  padding-top: 0px;\n  padding-bottom: 0px;\n  min-height: 600px;\n}\n<\/style>\n\t<\/section>\n\t\n","protected":false},"excerpt":{"rendered":"","protected":false},"author":1,"featured_media":0,"parent":0,"menu_order":0,"comment_status":"closed","ping_status":"closed","template":"page-blank.php","meta":{"footnotes":""},"class_list":["post-493","page","type-page","status-publish","hentry"],"_links":{"self":[{"href":"https:\/\/www.denizmataracicevik.com\/de\/wp-json\/wp\/v2\/pages\/493","targetHints":{"allow":["GET"]}}],"collection":[{"href":"https:\/\/www.denizmataracicevik.com\/de\/wp-json\/wp\/v2\/pages"}],"about":[{"href":"https:\/\/www.denizmataracicevik.com\/de\/wp-json\/wp\/v2\/types\/page"}],"author":[{"embeddable":true,"href":"https:\/\/www.denizmataracicevik.com\/de\/wp-json\/wp\/v2\/users\/1"}],"replies":[{"embeddable":true,"href":"https:\/\/www.denizmataracicevik.com\/de\/wp-json\/wp\/v2\/comments?post=493"}],"version-history":[{"count":2,"href":"https:\/\/www.denizmataracicevik.com\/de\/wp-json\/wp\/v2\/pages\/493\/revisions"}],"predecessor-version":[{"id":495,"href":"https:\/\/www.denizmataracicevik.com\/de\/wp-json\/wp\/v2\/pages\/493\/revisions\/495"}],"wp:attachment":[{"href":"https:\/\/www.denizmataracicevik.com\/de\/wp-json\/wp\/v2\/media?parent=493"}],"curies":[{"name":"wp","href":"https:\/\/api.w.org\/{rel}","templated":true}]}}