{"id":485,"date":"2025-04-04T11:40:52","date_gmt":"2025-04-04T08:40:52","guid":{"rendered":"https:\/\/www.denizmataracicevik.com\/?page_id=485"},"modified":"2026-04-27T15:13:20","modified_gmt":"2026-04-27T12:13:20","slug":"ueber-mich","status":"publish","type":"page","link":"https:\/\/www.denizmataracicevik.com\/de\/ueber-mich\/","title":{"rendered":"\u00dcber mich"},"content":{"rendered":"\n\t<section class=\"section\" id=\"section_1872233402\">\n\t\t<div class=\"section-bg fill\" >\n\t\t\t\t\t\t\t\t\t\n\t\t\t\n\n\t\t<\/div>\n\n\t\t\n\n\t\t<div class=\"section-content relative\">\n\t\t\t\n  <div id=\"page-header-1081600110\" class=\"page-header-wrapper\">\n  <div class=\"page-title dark simple-title\">\n\n    \n    <div class=\"page-title-inner container align-top flex-row medium-flex-wrap\" >\n              <div class=\"title-wrapper flex-col text-left medium-text-center\">\n          <h1 class=\"entry-title mb-0\">\n            \u00dcber mich          <\/h1>\n        <\/div>\n                    <div class=\"title-content flex-col flex-right text-right medium-text-center\">\n        <div class=\"title-breadcrumbs pb-half pt-half\"><\/div>      <\/div>\n    <\/div>\n\n       <\/div>\n    <\/div>\n  \n\t\t<\/div>\n\n\t\t\n<style>\n#section_1872233402 {\n  padding-top: 30px;\n  padding-bottom: 30px;\n  background-color: #00aae8;\n}\n<\/style>\n\t<\/section>\n\t\n\n\t<section class=\"section\" id=\"section_881816223\">\n\t\t<div class=\"section-bg fill\" >\n\t\t\t\t\t\t\t\t\t\n\t\t\t\n\n\t\t<\/div>\n\n\t\t\n\n\t\t<div class=\"section-content relative\">\n\t\t\t\n<div class=\"row align-middle\"  id=\"row-68993092\">\n\n\t<div id=\"col-2134632795\" class=\"col medium-5 small-12 large-5\"  >\n\t\t\t\t<div class=\"col-inner\"  >\n\t\t\t\n\t\t\t\n\t<div class=\"img has-hover x md-x lg-x y md-y lg-y\" id=\"image_65762050\">\n\t\t\t\t\t\t\t\t<div class=\"img-inner dark\" >\n\t\t\t<img loading=\"lazy\" decoding=\"async\" width=\"550\" height=\"651\" src=\"https:\/\/www.denizmataracicevik.com\/wp-content\/uploads\/2025\/04\/hakkimda.webp\" class=\"attachment-2048x2048 size-2048x2048\" alt=\"\" srcset=\"https:\/\/www.denizmataracicevik.com\/wp-content\/uploads\/2025\/04\/hakkimda.webp 550w, https:\/\/www.denizmataracicevik.com\/wp-content\/uploads\/2025\/04\/hakkimda-338x400.webp 338w\" sizes=\"auto, (max-width: 550px) 100vw, 550px\" \/>\t\t\t\t\t\t\n\t\t\t\t\t<\/div>\n\t\t\t\t\t\t\t\t\n<style>\n#image_65762050 {\n  width: 100%;\n}\n<\/style>\n\t<\/div>\n\t\n\t\t<\/div>\n\t\t\t\t\t<\/div>\n\n\t\n\n\t<div id=\"col-1883283481\" class=\"col medium-7 small-12 large-7\"  >\n\t\t\t\t<div class=\"col-inner\"  >\n\t\t\t\n\t\t\t\n\t<div id=\"text-2621911499\" class=\"text\">\n\t\t\n<div><strong>#\u00dcber mich<\/strong><\/div>\n\t\t\n<style>\n#text-2621911499 {\n  font-size: 1.25rem;\n  color: #00aae8;\n}\n#text-2621911499 > * {\n  color: #00aae8;\n}\n<\/style>\n\t<\/div>\n\t\n\t<div id=\"text-3778602587\" class=\"text\">\n\t\t\n<div>Facharzt f\u00fcr Neurologie<\/div>\n\t\t\n<style>\n#text-3778602587 {\n  color: #00aae8;\n}\n#text-3778602587 > * {\n  color: #00aae8;\n}\n<\/style>\n\t<\/div>\n\t\n\t<div id=\"text-460239941\" class=\"text\">\n\t\t\n<div><strong>Facharzt Dr. Deniz Matarac\u0131 \u00c7evik<\/strong><\/div>\n\t\t\n<style>\n#text-460239941 {\n  font-size: 1.9rem;\n  color: #00aae8;\n}\n#text-460239941 > * {\n  color: #00aae8;\n}\n@media (min-width:550px) {\n  #text-460239941 {\n    font-size: 2.25rem;\n  }\n}\n<\/style>\n\t<\/div>\n\t\n\t<div id=\"text-3409678383\" class=\"text\">\n\t\t\n<p>Ich habe 1999 meinen Abschluss an der Medizinischen Fakult\u00e4t der Universit\u00e4t Istanbul gemacht. Zwischen 2001 und 2006 habe ich meine Facharztausbildung in Neurologie im Haydarpa\u015fa Numune Ausbildungs- und Forschungskrankenhaus abgeschlossen.<\/p>\n<p>Zwischen 2008 und 2014 war ich als Facharzt f\u00fcr Neurologie im Medicana International Istanbul Krankenhaus t\u00e4tig. Im Jahr 2014 begann ich meine T\u00e4tigkeit als Assistenzprofessor im Bereich Elektroneurophysiologie an der Universit\u00e4t Istanbul Ayd\u0131n. Seit September 2014 behandle ich meine Patienten in meiner eigenen Praxis <a href=\"https:\/\/www.denizmataracicevik.com\/hakkimda\/\"><span style=\"color: #00aae8;\"><strong>Weiterlesen<\/strong><\/span><\/a><\/p>\n<p><span style=\"color: #00aae8;\"><strong>Ausbildung<\/strong><\/span><\/p>\n<ul>\n<li>Universit\u00e4t Istanbul Medizinische Fakult\u00e4t<\/li>\n<li>Haydarpa\u015fa EAH Neurologie Klinik<\/li>\n<li>Private \u00dcsk\u00fcdar Naturwissenschaftliches Gymnasium<\/li>\n<\/ul>\n\t\t\n<style>\n#text-3409678383 {\n  color: rgb(0,0,0);\n}\n#text-3409678383 > * {\n  color: rgb(0,0,0);\n}\n<\/style>\n\t<\/div>\n\t\n\t\t<\/div>\n\t\t\t\t\n<style>\n#col-1883283481 > .col-inner {\n  margin: 0px 0px -40px 0px;\n}\n<\/style>\n\t<\/div>\n\n\t\n<\/div>\n<div class=\"row row-full-width align-center hide-for-small\"  id=\"row-439879589\">\n\n\t<div id=\"col-1455197822\" class=\"col small-12 large-12\"  >\n\t\t\t\t<div class=\"col-inner\"  >\n\t\t\t\n\t\t\t\n\t<div id=\"text-3131136019\" class=\"text\">\n\t\t\n<h2><span style=\"color: #00aae8;\"><strong>Interessengebiete und Fachgebiet<\/strong><\/span><\/h2>\n\t\t\n<style>\n#text-3131136019 {\n  text-align: center;\n}\n<\/style>\n\t<\/div>\n\t\n\t\t<\/div>\n\t\t\t\t\n<style>\n#col-1455197822 > .col-inner {\n  margin: 30px 0px 0px 0px;\n}\n@media (min-width:550px) {\n  #col-1455197822 > .col-inner {\n    margin: 0px 0px 0px 0px;\n  }\n}\n<\/style>\n\t<\/div>\n\n\t\n\n\t<div id=\"col-318562536\" class=\"col medium-2 small-6 large-2\"  >\n\t\t\t\t<div class=\"col-inner\"  >\n\t\t\t\n\t\t\t\n\t<div id=\"text-484142842\" class=\"text\">\n\t\t\n<ul>\n<li>Alzheimer-Krankheit<\/li>\n<li>Aur\u00e4re Augenmigr\u00e4ne<\/li>\n<li>Ohnmacht<\/li>\n<li>Kopfschmerzen<\/li>\n<li>Schwindel<\/li>\n<li>Schwindel<\/li>\n<li>Erkrankungen des Gehirns<\/li>\n<li>Hirnblutung<\/li>\n<\/ul>\n\t\t\n<style>\n#text-484142842 {\n  font-size: 0.8rem;\n  color: rgb(0,0,0);\n}\n#text-484142842 > * {\n  color: rgb(0,0,0);\n}\n<\/style>\n\t<\/div>\n\t\n\t\t<\/div>\n\t\t\t\t\t<\/div>\n\n\t\n\n\t<div id=\"col-2031497\" class=\"col medium-2 small-6 large-2\"  >\n\t\t\t\t<div class=\"col-inner\"  >\n\t\t\t\n\t\t\t\n\t<div id=\"text-3013308043\" class=\"text\">\n\t\t\n<ul>\n<li>Gef\u00e4\u00dfverschluss im Gehirn<\/li>\n<li>Bewusstseinsverlust<\/li>\n<li>Botulinumtoxin<\/li>\n<li>Nackenschmerzen<\/li>\n<li>Bandscheibenvorfall im Halsbereich<\/li>\n<li>Gef\u00e4\u00dferkrankungen<\/li>\n<li>Demenz<\/li>\n<li>Depression<\/li>\n<\/ul>\n\t\t\n<style>\n#text-3013308043 {\n  font-size: 0.8rem;\n  color: rgb(0,0,0);\n}\n#text-3013308043 > * {\n  color: rgb(0,0,0);\n}\n<\/style>\n\t<\/div>\n\t\n\t\t<\/div>\n\t\t\t\t\t<\/div>\n\n\t\n\n\t<div id=\"col-509052099\" class=\"col medium-2 small-6 large-2\"  >\n\t\t\t\t<div class=\"col-inner\"  >\n\t\t\t\n\t\t\t\n\t<div id=\"text-4097661859\" class=\"text\">\n\t\t\n<ul>\n<li>Therapieresistente Epilepsie<\/li>\n<li>Haltungs- und Gangst\u00f6rungen<\/li>\n<li>Epilepsie<\/li>\n<li>Epileptischer Anfall<\/li>\n<li>L\u00e4hmung<\/li>\n<li>Fibromyalgie<\/li>\n<li>Transitorische isch\u00e4mische Attacke<\/li>\n<li>Interventionelle Schmerztherapie<\/li>\n<\/ul>\n\t\t\n<style>\n#text-4097661859 {\n  font-size: 0.8rem;\n  color: rgb(0,0,0);\n}\n#text-4097661859 > * {\n  color: rgb(0,0,0);\n}\n<\/style>\n\t<\/div>\n\t\n\t\t<\/div>\n\t\t\t\t\t<\/div>\n\n\t\n\n\t<div id=\"col-240415018\" class=\"col medium-2 small-6 large-2\"  >\n\t\t\t\t<div class=\"col-inner\"  >\n\t\t\t\n\t\t\t\n\t<div id=\"text-2521434962\" class=\"text\">\n\t\t\n<ul>\n<li>Bewegungsst\u00f6rungen<\/li>\n<li>Restless-Legs-Syndrom<\/li>\n<li>Schlaganfall<\/li>\n<li>Karpaltunnelsyndrom<\/li>\n<li>Kribbeln und Taubheit<\/li>\n<li>Partielle L\u00e4hmung<\/li>\n<li>Cluster-Kopfschmerz<\/li>\n<li>Migr\u00e4ne<\/li>\n<\/ul>\n\t\t\n<style>\n#text-2521434962 {\n  font-size: 0.8rem;\n  color: rgb(0,0,0);\n}\n#text-2521434962 > * {\n  color: rgb(0,0,0);\n}\n<\/style>\n\t<\/div>\n\t\n\t\t<\/div>\n\t\t\t\t\t<\/div>\n\n\t\n\n\t<div id=\"col-461108520\" class=\"col medium-2 small-6 large-2\"  >\n\t\t\t\t<div class=\"col-inner\"  >\n\t\t\t\n\t\t\t\n\t<div id=\"text-1393847286\" class=\"text\">\n\t\t\n<ul>\n<li>Multiple Sklerose &#8211; MS<\/li>\n<li>Narkolepsie<\/li>\n<li>Neuralgie<\/li>\n<li>Neuropathie<\/li>\n<li>Neuropathischer Schmerz<\/li>\n<li>Neurologische Erkrankungen<\/li>\n<li>Panikattacke<\/li>\n<li>Parkinson-Krankheit<\/li>\n<\/ul>\n\t\t\n<style>\n#text-1393847286 {\n  font-size: 0.8rem;\n  color: rgb(0,0,0);\n}\n#text-1393847286 > * {\n  color: rgb(0,0,0);\n}\n<\/style>\n\t<\/div>\n\t\n\t\t<\/div>\n\t\t\t\t\t<\/div>\n\n\t\n<\/div>\n<div class=\"row row-full-width align-center show-for-small\"  id=\"row-1463933119\">\n\n\t<div id=\"col-76409864\" class=\"col small-12 large-12\"  >\n\t\t\t\t<div class=\"col-inner\"  >\n\t\t\t\n\t\t\t\n\t<div id=\"text-512821603\" class=\"text\">\n\t\t\n<h2><span style=\"color: #00aae8;\"><strong>Interessengebiete und Fachgebiet<\/strong><\/span><\/h2>\n\t\t\n<style>\n#text-512821603 {\n  text-align: left;\n}\n@media (min-width:550px) {\n  #text-512821603 {\n    text-align: center;\n  }\n}\n<\/style>\n\t<\/div>\n\t\n\t\t<\/div>\n\t\t\t\t\n<style>\n#col-76409864 > .col-inner {\n  margin: 30px 0px 0px 0px;\n}\n@media (min-width:550px) {\n  #col-76409864 > .col-inner {\n    margin: 0px 0px 0px 0px;\n  }\n}\n<\/style>\n\t<\/div>\n\n\t\n\n\t<div id=\"col-685290868\" class=\"col medium-2 small-6 large-2\"  >\n\t\t\t\t<div class=\"col-inner\"  >\n\t\t\t\n\t\t\t\n\t<div id=\"text-1225242344\" class=\"text\">\n\t\t\n<ul>\n<li>Alzheimer-Krankheit<\/li>\n<li>Aur\u00e4re Augenmigr\u00e4ne<\/li>\n<li>Ohnmacht<\/li>\n<li>Kopfschmerzen<\/li>\n<li>Schwindel<\/li>\n<li>Schwindel<\/li>\n<li>Erkrankungen des Gehirns<\/li>\n<li>Hirnblutung<\/li>\n<li>Gef\u00e4\u00dfverschluss im Gehirn<\/li>\n<li>Bewusstseinsverlust<\/li>\n<li>Botulinumtoxin<\/li>\n<li>Nackenschmerzen<\/li>\n<li>Bandscheibenvorfall im Halsbereich<\/li>\n<li>Gef\u00e4\u00dferkrankungen<\/li>\n<li>Demenz<\/li>\n<li>Depression<\/li>\n<li>Therapieresistente Epilepsie<\/li>\n<li>Haltungs- und Gangst\u00f6rungen<\/li>\n<li>Epilepsie<\/li>\n<li>Epileptischer Anfall<\/li>\n<li>L\u00e4hmung<\/li>\n<li>Fibromyalgie<\/li>\n<\/ul>\n\t\t\n<style>\n#text-1225242344 {\n  font-size: 0.9rem;\n  color: rgb(0,0,0);\n}\n#text-1225242344 > * {\n  color: rgb(0,0,0);\n}\n@media (min-width:550px) {\n  #text-1225242344 {\n    font-size: 0.8rem;\n  }\n}\n<\/style>\n\t<\/div>\n\t\n\t\t<\/div>\n\t\t\t\t\t<\/div>\n\n\t\n\n\t<div id=\"col-1582709665\" class=\"col medium-2 small-6 large-2\"  >\n\t\t\t\t<div class=\"col-inner\"  >\n\t\t\t\n\t\t\t\n\t<div id=\"text-3325571408\" class=\"text\">\n\t\t\n<ul>\n<li>Transitorische isch\u00e4mische Attacke<\/li>\n<li>Interventionelle Schmerztherapie<\/li>\n<li>Bewegungsst\u00f6rungen<\/li>\n<li>Restless-Legs-Syndrom<\/li>\n<li>Schlaganfall<\/li>\n<li>Karpaltunnelsyndrom<\/li>\n<li>Kribbeln und Taubheit<\/li>\n<li>Partielle L\u00e4hmung<\/li>\n<li>Cluster-Kopfschmerz<\/li>\n<li>Migr\u00e4ne<\/li>\n<li>Multiple Sklerose &#8211; MS<\/li>\n<li>Narkolepsie<\/li>\n<li>Neuralgie<\/li>\n<li>Neuropathie<\/li>\n<li>Neuropathischer Schmerz<\/li>\n<li>Neurologische Erkrankungen<\/li>\n<li>Panikattacke<\/li>\n<li>Parkinson-Krankheit<\/li>\n<\/ul>\n\t\t\n<style>\n#text-3325571408 {\n  font-size: 0.9rem;\n  color: rgb(0,0,0);\n}\n#text-3325571408 > * {\n  color: rgb(0,0,0);\n}\n@media (min-width:550px) {\n  #text-3325571408 {\n    font-size: 0.8rem;\n  }\n}\n<\/style>\n\t<\/div>\n\t\n\t\t<\/div>\n\t\t\t\t\t<\/div>\n\n\t\n<\/div>\n\t\t<\/div>\n\n\t\t\n<style>\n#section_881816223 {\n  padding-top: 30px;\n  padding-bottom: 30px;\n}\n<\/style>\n\t<\/section>\n\t\n","protected":false},"excerpt":{"rendered":"","protected":false},"author":1,"featured_media":0,"parent":0,"menu_order":0,"comment_status":"closed","ping_status":"closed","template":"page-blank.php","meta":{"footnotes":""},"class_list":["post-485","page","type-page","status-publish","hentry"],"_links":{"self":[{"href":"https:\/\/www.denizmataracicevik.com\/de\/wp-json\/wp\/v2\/pages\/485","targetHints":{"allow":["GET"]}}],"collection":[{"href":"https:\/\/www.denizmataracicevik.com\/de\/wp-json\/wp\/v2\/pages"}],"about":[{"href":"https:\/\/www.denizmataracicevik.com\/de\/wp-json\/wp\/v2\/types\/page"}],"author":[{"embeddable":true,"href":"https:\/\/www.denizmataracicevik.com\/de\/wp-json\/wp\/v2\/users\/1"}],"replies":[{"embeddable":true,"href":"https:\/\/www.denizmataracicevik.com\/de\/wp-json\/wp\/v2\/comments?post=485"}],"version-history":[{"count":2,"href":"https:\/\/www.denizmataracicevik.com\/de\/wp-json\/wp\/v2\/pages\/485\/revisions"}],"predecessor-version":[{"id":487,"href":"https:\/\/www.denizmataracicevik.com\/de\/wp-json\/wp\/v2\/pages\/485\/revisions\/487"}],"wp:attachment":[{"href":"https:\/\/www.denizmataracicevik.com\/de\/wp-json\/wp\/v2\/media?parent=485"}],"curies":[{"name":"wp","href":"https:\/\/api.w.org\/{rel}","templated":true}]}}